{"id":793,"date":"2023-05-31T15:54:27","date_gmt":"2023-05-31T13:54:27","guid":{"rendered":"https:\/\/ameixascrespo.com\/?page_id=793"},"modified":"2023-12-14T22:35:43","modified_gmt":"2023-12-14T20:35:43","slug":"condiciones","status":"publish","type":"page","link":"https:\/\/ameixascrespo.com\/ga\/condiciones\/","title":{"rendered":"Condici\u00f3ns"},"content":{"rendered":"<h2 class=\"wp-block-heading\">Condiciones de compra<\/h2><p>Los t\u00e9rminos y condiciones que a continuaci\u00f3n se indican ser\u00e1 de aplicaci\u00f3n a todas las compras que se realicen a trav\u00e9s de <strong>www.ameixascrespo.com<\/strong> (En adelante <strong>Ameixas Crespo<\/strong>).<\/p><h3 class=\"wp-block-heading\">Condiciones de Acceso y Compra<\/h3><p>El usuario se compromete a utilizar los servicios y contenidos de la p\u00e1gina conforme a lo establecido en la ley, la moral, el orden p\u00fablico y en las presentes condiciones generales de uso. Asimismo, se compromete a hacer un uso adecuado de los servicios y\/o contenidos de la p\u00e1gina y a no emplearlos para realizar actividades il\u00edcitas o constitutivas de delito y\/o que infrinjan la regulaci\u00f3n sobre propiedad intelectual e industrial, o cualesquiera otras formas de ordenamiento jur\u00eddico aplicable.<\/p><p><strong>PRECIOS<\/strong><\/p><p>Todos los precios del sitio web <strong>www.ameixascrespo.com<\/strong> incluyen el I.V.A. Los precios ser\u00e1n actualizados en cualquier momento y sin previo aviso.<\/p><p><strong>DISPONIBILIDAD DE PRODUCTOS<\/strong><\/p><p><strong>Ameixas Crespo<\/strong> ofrece variedad de marisco fresco a trav\u00e9s de la tienda online <strong>www.ameixascrespo.com<\/strong>. En el caso de que se agoten las existencias de un producto en el momento de realizar su pedido y no hayamos podido actualizar esta informaci\u00f3n en la tienda, contactaremos en breve con el cliente para proponerle un producto similar o reembolsarle la cantidad correspondiente.<\/p><p><strong>FORMAS DE PAGO<\/strong><\/p><p>El pago del pedido realizado por el usuario a trav\u00e9s de <strong>www.ameixascrespo.com<\/strong>, se podr\u00e1 realizar mediante tarjeta de cr\u00e9dito\/d\u00e9bito.<\/p><p>Si el cliente realiza su pedido a trav\u00e9s del email <strong><a href=\"mailto:pedidos@ameixascrespo.com\">pedidos@ameixascrespo.com<\/a><\/strong> o del tel\u00e9fono <strong>682 435 362<\/strong>, podr\u00e1 realizar el pago mediante transferencia bancaria.<\/p><p><strong>Todos los datos proporcionados en el proceso de compra son encriptados bajo el protocolo SSL (Secure Socket Layers) para garantizar la mayor seguridad de los mismos, no pudiendo ser interceptados mientras se transmiten por la red.<\/strong><\/p><p>Una vez finalizada su petici\u00f3n de pedido, recibir\u00e1 un correo electr\u00f3nico confirmando la recepci\u00f3n del pedido, que podr\u00e1 imprimir por su constancia y seguridad. Si el usuario no recibe el email con el n\u00ba de pedido, deber\u00e1 ponerse en contacto con <strong>Ameixas Crespo<\/strong> por cualquiera de los canales mencionados con anterioridad.<\/p><p><strong>Ameixas Crespo<\/strong> se reserva el derecho a rechazar cualquier operaci\u00f3n realizada con tarjeta de cr\u00e9dito, en determinadas condiciones, como pueda ser indicio de operaci\u00f3n fraudulenta. En este caso procederemos a reintegrar el importe del mismo modo en el que se haya realizado el pago. Si el cliente sigue interesado en realizar la compra de los art\u00edculos, solicitaremos una transferencia bancaria.<\/p><p><strong>SOPORTE TELEF\u00d3NICO<\/strong><\/p><p>Los usuarios de <strong>www.ameixascrespo.com<\/strong> podr\u00e1n dirigirse a nosotros a trav\u00e9s del correo electr\u00f3nico <strong><a href=\"mailto:info@ameixascrespo.com\">info@ameixascrespo.com<\/a><\/strong> o en el tel\u00e9fono <strong>682 435 362<\/strong> en horario de 9:00 a 16:00 de lunes a viernes, para consultar cualquier duda, disponibilidad de productos, precio, etc.<\/p><h3 class=\"wp-block-heading\">Preparaci\u00f3n y entrega de los pedidos<\/h3><p>Garantizamos que la preparaci\u00f3n de los productos que se ofrece en nuestra tienda, cumple estrictos controles de calidad y seguridad alimentaria. Contamos con un empaquetado de cuidado dise\u00f1o, isot\u00e9rmico y con acumuladores de fr\u00edo para garantizar que los productos mantengan las condiciones \u00f3ptimas de temperatura y no se pierda la cadena de fr\u00edo.. Se env\u00eda por transporte urgente y refrigerado ya que al tratarse de productos perecederos, es imprescindible que lleguen a destino en su \u00f3ptimo estado de consumo.<\/p><p><strong>REPARTO Y ENTREGAS<\/strong><\/p><p>La entrega del pedido se realizar\u00e1 en la fecha y direcci\u00f3n indicada por el cliente en el registro del pedido y se realizar\u00e1 los mi\u00e9rcoles y viernes entre las 8:00 y las 13:30h, salvo zonas con plus de kilometraje, donde podr\u00eda ser entregado con algo de demora, siempre que no sea festivo en la localidad del cliente. En caso de dudas respecto a las festividades, el cliente deber\u00e1 contactar con <strong>Ameixas Crespo<\/strong> para consultar al respecto.<\/p><p>Las zonas de reparto comprenden toda la zona peninsular nacional. Por el momento no se realizan env\u00edos a Canarias, Baleares ni Ceuta y Melilla.<\/p><p>En ning\u00fan caso, <strong>Ameixas Crespo<\/strong> asumir\u00e1 responsabilidad alguna si la entrega del paquete no se efect\u00faa debido a una mala indicaci\u00f3n o informaci\u00f3n incompleta de la direcci\u00f3n de entrega. En este caso, ser\u00e1 \u00fanica y exclusivamente responsabilidad del usuario. Tampoco asumir\u00e1 responsabilidad sobre el retraso o no entrega del pedido en caso de que, por razones de fuerza mayor, la empresa de mensajer\u00eda no pueda realizar su trabajo, como por ejemplo, entregas en fechas festivas, zonas en las que no se cubra reparto, etc., o por imposibilidad de contactar con el destinatario el d\u00eda de la entrega.<\/p><p>En caso de que, por motivos t\u00e9cnicos, no pudieran respetarse estos plazos, y <strong>Ameixas Crespo<\/strong> se percatase del inconveniente, nos pondr\u00edamos en contacto con el cliente, a fin de acordar un nuevo plazo de entrega.<\/p><p><strong>Ameixas Crespo<\/strong> no asume ninguna responsabilidad por el retraso o en el libramiento de los pedidos, cuando este retraso no le sea directamente imputable, o por casos de fuerza mayor en los t\u00e9rminos y condiciones previstos en estas condiciones generales de compra.<\/p><p><strong>GASTOS DE ENV\u00cdO<\/strong><\/p><p>El transporte en toda la Pen\u00ednsula ser\u00e1 gratuito en pedidos superiores a 130 \u20ac (I.V.A incluido). Si el pedido no supera este importe, el coste de transporte ser\u00e1 de 13 \u20ac (I.V.A incluido) para la entrega entre las 8:00-13:30h. Si el usuario tiene una urgencia mayor, puede contactar con nosotros para averiguar si su C\u00f3digo Postal le permite contratar un servicio de \u00abUrgencia 10\u00bb, y el precio del mismo, que ser\u00e1 abonado por el cliente.<\/p><h3 class=\"wp-block-heading\">Devoluciones y reembolsos<\/h3><p>En cualquier momento se podr\u00e1 anular el pedido, siempre y cuando no se haya procesado.<\/p><p>Si el pedido ya se ha enviado, al tratarse de productos frescos, debido a su naturaleza perecedera, no es posible realizar la devoluci\u00f3n, salvo que el motivo sea la recepci\u00f3n de un producto en mal estado (siempre y cuando no sea por ausencia del cliente en el momento de la entrega) o distinto del solicitado. Siendo as\u00ed, tendr\u00e1 48 horas desde que recibe el pedido para comunicarlo, enviando un email a <strong>pedidos@ameixascrespo.com<\/strong> detallando los motivos de la disconformidad. Una vez comprobada la veracidad de la reclamaci\u00f3n, se proceder\u00e1 a la devoluci\u00f3n del importe del producto o la sustituci\u00f3n del mismo.<\/p><p>La devoluci\u00f3n se realizar\u00e1 siempre a trav\u00e9s del mismo modo pago que haya realizado el cliente.<\/p><h3 class=\"wp-block-heading\">Exenciones de responsabilidad<\/h3><p><strong>Ameixas Crespo<\/strong> no se responsabiliza por el mal uso que se pueda hacer de esta p\u00e1gina web. Ameixas Crespo no puede garantizar la ausencia de virus u otros elementos que pudieran causar da\u00f1os en los sistemas inform\u00e1ticos, documentos electr\u00f3nicos o en los ficheros de usuarios de esta p\u00e1gina o de terceros, por lo que no se responsabiliza de los perjuicios que se puedan producir por estas causas. <strong>Ameixas Crespo<\/strong> tampoco se responsabiliza del contenido de las p\u00e1ginas web a las que enlaza nuestra p\u00e1gina web, puesto que no est\u00e1n bajo control de <strong>Ameixas Crespo<\/strong>. El presente aviso legal es aplicable \u00fanicamente a la informaci\u00f3n recogida en la p\u00e1gina web de <strong>Ameixas Crespo<\/strong> y no a los contenidos recogidos en las p\u00e1ginas de terceros. <strong>Ameixas Crespo<\/strong> se reserva el derecho a modificar el presente aviso legal cuando as\u00ed lo estime oportuno y respetando en todo caso la normativa aplicable.<\/p><h3 class=\"wp-block-heading\">Obligaciones del Usuario<\/h3><p>El usuario se compromete en todo momento a facilitar informaci\u00f3n veraz sobre los datos solicitados en el formulario de registro de usuario, y a mantenerlos actualizados en todo momento. Asimismo, se compromete a guardar de forma confidencial y con la m\u00e1xima diligencia sus claves de acceso personal a nuestro website.<\/p><p><strong>Ameixas Crespo<\/strong> se reserva el derecho a denegar o retirar el acceso al sitio web y a los servicios en cualquier momento, y sin necesidad de previo aviso, a aquellos usuarios que incumplan estas Condiciones Generales.<\/p><p>El usuario es consciente y acepta voluntariamente, que el uso del sitio web se realiza bajo su responsabilidad, por lo cual adoptar\u00e1 todas aquellas medidas que fueran necesarias al efecto de minimizar los riesgos, incluyendo la adopci\u00f3n de medidas de seguridad, utilizaci\u00f3n de procedimientos antivirus y de recuperaci\u00f3n de datos.<\/p>","protected":false},"excerpt":{"rendered":"<p>Condiciones de compra Los t\u00e9rminos y condiciones que a continuaci\u00f3n se indican ser\u00e1 de aplicaci\u00f3n a todas las compras que se realicen a trav\u00e9s de www.ameixascrespo.com (En adelante Ameixas Crespo). Condiciones de Acceso y Compra El usuario se compromete a utilizar los servicios y contenidos de la p\u00e1gina conforme a lo establecido en la ley, [&hellip;]<\/p>","protected":false},"author":1,"featured_media":0,"parent":0,"menu_order":0,"comment_status":"closed","ping_status":"closed","template":"","meta":{"rank_math_lock_modified_date":false,"ocean_post_layout":"","ocean_both_sidebars_style":"","ocean_both_sidebars_content_width":0,"ocean_both_sidebars_sidebars_width":0,"ocean_sidebar":"0","ocean_second_sidebar":"0","ocean_disable_margins":"enable","ocean_add_body_class":"","ocean_shortcode_before_top_bar":"","ocean_shortcode_after_top_bar":"","ocean_shortcode_before_header":"","ocean_shortcode_after_header":"","ocean_has_shortcode":"","ocean_shortcode_after_title":"","ocean_shortcode_before_footer_widgets":"","ocean_shortcode_after_footer_widgets":"","ocean_shortcode_before_footer_bottom":"","ocean_shortcode_after_footer_bottom":"","ocean_display_top_bar":"default","ocean_display_header":"default","ocean_header_style":"","ocean_center_header_left_menu":"0","ocean_custom_header_template":"0","ocean_custom_logo":0,"ocean_custom_retina_logo":0,"ocean_custom_logo_max_width":0,"ocean_custom_logo_tablet_max_width":0,"ocean_custom_logo_mobile_max_width":0,"ocean_custom_logo_max_height":0,"ocean_custom_logo_tablet_max_height":0,"ocean_custom_logo_mobile_max_height":0,"ocean_header_custom_menu":"0","ocean_menu_typo_font_family":"0","ocean_menu_typo_font_subset":"","ocean_menu_typo_font_size":0,"ocean_menu_typo_font_size_tablet":0,"ocean_menu_typo_font_size_mobile":0,"ocean_menu_typo_font_size_unit":"px","ocean_menu_typo_font_weight":"","ocean_menu_typo_font_weight_tablet":"","ocean_menu_typo_font_weight_mobile":"","ocean_menu_typo_transform":"","ocean_menu_typo_transform_tablet":"","ocean_menu_typo_transform_mobile":"","ocean_menu_typo_line_height":0,"ocean_menu_typo_line_height_tablet":0,"ocean_menu_typo_line_height_mobile":0,"ocean_menu_typo_line_height_unit":"","ocean_menu_typo_spacing":0,"ocean_menu_typo_spacing_tablet":0,"ocean_menu_typo_spacing_mobile":0,"ocean_menu_typo_spacing_unit":"","ocean_menu_link_color":"","ocean_menu_link_color_hover":"","ocean_menu_link_color_active":"","ocean_menu_link_background":"","ocean_menu_link_hover_background":"","ocean_menu_link_active_background":"","ocean_menu_social_links_bg":"","ocean_menu_social_hover_links_bg":"","ocean_menu_social_links_color":"","ocean_menu_social_hover_links_color":"","ocean_disable_title":"default","ocean_disable_heading":"default","ocean_post_title":"","ocean_post_subheading":"","ocean_post_title_style":"","ocean_post_title_background_color":"","ocean_post_title_background":0,"ocean_post_title_bg_image_position":"","ocean_post_title_bg_image_attachment":"","ocean_post_title_bg_image_repeat":"","ocean_post_title_bg_image_size":"","ocean_post_title_height":0,"ocean_post_title_bg_overlay":0.5,"ocean_post_title_bg_overlay_color":"","ocean_disable_breadcrumbs":"default","ocean_breadcrumbs_color":"","ocean_breadcrumbs_separator_color":"","ocean_breadcrumbs_links_color":"","ocean_breadcrumbs_links_hover_color":"","ocean_display_footer_widgets":"default","ocean_display_footer_bottom":"default","ocean_custom_footer_template":"0","_joinchat":[],"footnotes":""},"class_list":["post-793","page","type-page","status-publish","hentry","entry","owp-thumbs-layout-horizontal","owp-btn-normal","owp-tabs-layout-horizontal","has-no-thumbnails"],"jetpack_sharing_enabled":true,"_links":{"self":[{"href":"https:\/\/ameixascrespo.com\/ga\/wp-json\/wp\/v2\/pages\/793","targetHints":{"allow":["GET"]}}],"collection":[{"href":"https:\/\/ameixascrespo.com\/ga\/wp-json\/wp\/v2\/pages"}],"about":[{"href":"https:\/\/ameixascrespo.com\/ga\/wp-json\/wp\/v2\/types\/page"}],"author":[{"embeddable":true,"href":"https:\/\/ameixascrespo.com\/ga\/wp-json\/wp\/v2\/users\/1"}],"replies":[{"embeddable":true,"href":"https:\/\/ameixascrespo.com\/ga\/wp-json\/wp\/v2\/comments?post=793"}],"version-history":[{"count":3,"href":"https:\/\/ameixascrespo.com\/ga\/wp-json\/wp\/v2\/pages\/793\/revisions"}],"predecessor-version":[{"id":1168,"href":"https:\/\/ameixascrespo.com\/ga\/wp-json\/wp\/v2\/pages\/793\/revisions\/1168"}],"wp:attachment":[{"href":"https:\/\/ameixascrespo.com\/ga\/wp-json\/wp\/v2\/media?parent=793"}],"curies":[{"name":"wp","href":"https:\/\/api.w.org\/{rel}","templated":true}]}}