{"id":792,"date":"2023-05-31T15:54:23","date_gmt":"2023-05-31T13:54:23","guid":{"rendered":"https:\/\/ameixascrespo.com\/?page_id=792"},"modified":"2023-06-01T13:46:43","modified_gmt":"2023-06-01T11:46:43","slug":"aviso-legal","status":"publish","type":"page","link":"https:\/\/ameixascrespo.com\/ga\/aviso-legal\/","title":{"rendered":"Aviso legal"},"content":{"rendered":"<h2 class=\"wp-block-heading\">Pol\u00edtica de privacidad<\/h2><p>En cumplimiento del deber de informaci\u00f3n estipulado en el art\u00edculo 10 de la Ley 34\/2002 de 11 de julio de Servicios de la Sociedad de la Informaci\u00f3n y de Comercio Electr\u00f3nico,\u00a0<strong><em>Loreto Fuentes L\u00f3pez<\/em><\/strong>, con NIF 28842596K, en adelante\u00a0<strong>el titular<\/strong>, en calidad de titular del sitio web\u00a0<strong>www.ameixascrespo.com<\/strong>, en adelante <strong>la web<\/strong>, con domicilio en a R\u00faa Esperanza 4, 2\u00baC 36610 Carril, Pontevedra, direcci\u00f3n de correo electr\u00f3nico administracion@ameixascrespo.com, procede a comunicarles la presente informaci\u00f3n que conforma y regula las condiciones de uso en esta p\u00e1gina, las limitaciones de responsabilidad y las obligaciones que, los usuarios del sitio web que se publica bajo el nombre de dominio\u00a0<strong><em>www.ameixascrespo.com<\/em><\/strong>, asumen y se comprometen a respetar.<\/p><h3 class=\"wp-block-heading\">CONDICIONES DE USO<\/h3><p>La utilizaci\u00f3n de&nbsp;<strong>la web<\/strong>&nbsp;otorga la condici\u00f3n de&nbsp;<strong>Usuario<\/strong>&nbsp;de&nbsp;<strong><em><strong>la web<\/strong><\/em><\/strong>, bien sea persona f\u00edsica o jur\u00eddica y obligatoriamente implica la aceptaci\u00f3n completa, plena y sin reservas de todas y cada una de las cl\u00e1usulas y condiciones generales incluidas en el Aviso Legal. Si el&nbsp;<strong>Usuario<\/strong>&nbsp;no estuviera conforme con las cl\u00e1usulas y condiciones de uso de este Aviso Legal, se abstendr\u00e1 de utilizar&nbsp;<strong>la web<\/strong>. Este Aviso Legal est\u00e1 sujeto a cambios y actualizaciones por lo que la versi\u00f3n publicada por&nbsp;<strong><strong>el titular<\/strong><\/strong>&nbsp;puede ser diferente en cada momento en que el&nbsp;<strong>Usuario<\/strong>&nbsp;acceda al Portal. Por tanto, el&nbsp;<strong>Usuario<\/strong>&nbsp;debe leer el Aviso Legal en todas y cada una de las ocasiones en que acceda a&nbsp;<strong>la web<\/strong>.<\/p><p>A trav\u00e9s de&nbsp;<strong><em><strong>la web<\/strong><\/em><\/strong>,&nbsp;<strong><strong>el titular<\/strong><\/strong>&nbsp;facilita al&nbsp;<strong>Usuario<\/strong>&nbsp;el acceso y la utilizaci\u00f3n de diversos Contenidos publicados por medio de Internet por&nbsp;<strong>el titular<\/strong>&nbsp;o por terceros autorizados.<\/p><p>El&nbsp;<strong>Usuario<\/strong>&nbsp;est\u00e1 obligado y se compromete a utilizar&nbsp;<strong><em><strong>la web<\/strong><\/em><\/strong>&nbsp;y los Contenidos de conformidad con la legislaci\u00f3n vigente, el Aviso Legal, y cualquier otro aviso o instrucciones puestos en su conocimiento, bien sea por medio de este aviso legal o en cualquier otro lugar dentro de los Contenidos que conforman&nbsp;<strong><em><strong>la web<\/strong><\/em><\/strong>, como son las normas de convivencia, la moral y buenas costumbres generalmente aceptadas. A tal efecto, el&nbsp;<strong>Usuario<\/strong> se obliga y compromete a NO utilizar cualquiera de los Contenidos con fines o efectos il\u00edcitos, prohibidos en el Aviso Legal o por la legislaci\u00f3n vigente, lesivos de los derechos e intereses de terceros, o que de cualquier forma puedan da\u00f1ar, inutilizar, sobrecargar, deteriorar o impedir la normal utilizaci\u00f3n de los Contenidos, los equipos inform\u00e1ticos o los documentos, archivos y toda clase de contenidos almacenados en cualquier equipo inform\u00e1tico propios o contratados por <strong><strong>el titular<\/strong><\/strong>, de otro&nbsp;<strong>USUARIO<\/strong>&nbsp;o de cualquier usuario de Internet (hardware y software).<\/p><p>El&nbsp;<strong>Usuario<\/strong>&nbsp;se obliga y se compromete a no transmitir, difundir o poner a disposici\u00f3n de terceros cualquier clase de material contenido en&nbsp;<strong><em><strong>la web<\/strong><\/em><\/strong>, tales como informaciones, textos, datos, contenidos, mensajes, gr\u00e1ficos, dibujos, archivos de sonido y\/o imagen, fotograf\u00edas, grabaciones, software, logotipos, marcas, iconos, tecnolog\u00eda, fotograf\u00edas, software, enlaces, dise\u00f1o gr\u00e1fico y c\u00f3digos fuente, o cualquier otro material al que tuviera acceso en su condici\u00f3n de&nbsp;<strong>Usuario<\/strong>&nbsp;de&nbsp;<strong><em><strong>la web<\/strong><\/em><\/strong>, sin que esta enumeraci\u00f3n tenga car\u00e1cter limitativo. Asimismo, de conformidad con todo ello, el&nbsp;<strong>Usuario<\/strong>&nbsp;no podr\u00e1:<\/p><ul class=\"wp-block-list\"><li>Reproducir, copiar, distribuir, poner a disposici\u00f3n o de cualquier otra forma comunicar p\u00fablicamente, transformar o modificar los Contenidos, a menos que se cuente con la autorizaci\u00f3n escrita y expl\u00edcita de <strong><strong>el titular<\/strong><\/strong>, que es titular de los correspondientes derechos, o bien que ello resulte legalmente permitido.<\/li>\n\n<li>Suprimir, manipular o de cualquier forma alterar el \u201ccopyright\u201d y dem\u00e1s datos identificativos de la reserva de derechos de <strong><strong>el titular<\/strong><\/strong> o de sus titulares, de las huellas y\/o identificadores digitales, marcas de agua, o de cualesquiera otros medios t\u00e9cnicos establecidos para su reconocimiento.<\/li><\/ul><p>El&nbsp;<strong>Usuario<\/strong>&nbsp;deber\u00e1 abstenerse de obtener e incluso de intentar obtener los Contenidos empleando para ello medios o procedimientos distintos de los que, seg\u00fan los casos, se hayan puesto a su disposici\u00f3n a este efecto o se hayan indicado a este efecto en las p\u00e1ginas web donde se encuentren los Contenidos o, en general, de los que se empleen habitualmente en Internet a este efecto siempre que no entra\u00f1en un riesgo de da\u00f1o o inutilizaci\u00f3n de&nbsp;<strong><em><strong>la web<\/strong><\/em><\/strong>, y\/o de los Contenidos.<\/p><h3 class=\"wp-block-heading\">PROPIEDAD INTELECTUAL<\/h3><p>Todas las marcas, nombres comerciales o signos distintivos de cualquier clase que aparecen en&nbsp;<strong><em><strong>la web<\/strong> <\/em><\/strong>son propiedad de&nbsp;<strong>el titular<\/strong>&nbsp;o, en su caso, de sus respectivos propietarios, sin que pueda entenderse que el uso o acceso al Portal y\/o a los Contenidos atribuya al&nbsp;<strong>Usuario<\/strong>&nbsp;derecho alguno sobre las citadas marcas, nombres comerciales y\/o signos distintivos y sin que puedan entenderse cedidos al&nbsp;<strong>Usuario<\/strong>, ninguno de los derechos de explotaci\u00f3n que existen o puedan existir sobre dichos Contenidos. De igual modo los Contenidos son propiedad intelectual de&nbsp;<strong>el titular<\/strong>, o de terceros en su caso, por tanto, los derechos de Propiedad Intelectual son titularidad de <strong><strong>el titular<\/strong> <\/strong>o de terceros que han autorizado su uso, a quienes corresponde el ejercicio exclusivo de los derechos de explotaci\u00f3n de los mismos en cualquier forma y, en especial, los derechos de reproducci\u00f3n, distribuci\u00f3n, comunicaci\u00f3n p\u00fablica y transformaci\u00f3n. La utilizaci\u00f3n no autorizada de la informaci\u00f3n contenida en esta Web, as\u00ed como la lesi\u00f3n de los derechos de Propiedad Intelectual o Industrial de <strong><strong>el titular<\/strong> <\/strong>o de terceros incluidos en&nbsp;<strong>la web<\/strong>&nbsp;que hayan cedido contenidos dar\u00e1 lugar a las responsabilidades legalmente establecidas.<\/p><h3 class=\"wp-block-heading\">DISPONIBILIDAD DE<strong><em> LA WEB<\/em><\/strong><\/h3><p><strong><strong>el titular<\/strong> <\/strong>no garantiza la inexistencia de interrupciones o errores en el acceso a&nbsp;<strong>la web<\/strong>, a sus contenidos, ni que \u00e9ste se encuentren actualizados, aunque desarrollar\u00e1 sus mejores esfuerzos para, en su caso, evitarlos, subsanarlos o actualizarlos. Por consiguiente,&nbsp;<strong>el titular<\/strong>&nbsp;no se responsabiliza de los da\u00f1os o perjuicios de cualquier tipo producidos en el&nbsp;<strong>Usuario<\/strong>&nbsp;que traigan causa de fallos o desconexiones en las redes de telecomunicaciones que produzcan la suspensi\u00f3n, cancelaci\u00f3n o interrupci\u00f3n del servicio del portal durante la prestaci\u00f3n del mismo o con car\u00e1cter previo.<\/p><p><strong><strong>el titular<\/strong> <\/strong>excluye, con las excepciones contempladas en la legislaci\u00f3n vigente, cualquier responsabilidad por los da\u00f1os y perjuicios de toda naturaleza que puedan deberse a la falta de disponibilidad, continuidad o calidad del funcionamiento de&nbsp;<strong>la web<\/strong>&nbsp;y de los Contenidos, al no cumplimiento de la expectativa de utilidad que el&nbsp;<strong>USUARIO<\/strong>&nbsp;hubiera podido atribuir a&nbsp;<strong><em><strong>la web<\/strong><\/em><\/strong>&nbsp;y a los Contenidos.<\/p><p>La funci\u00f3n de los Hiperenlaces que aparecen en esta Web es exclusivamente la de informar al&nbsp;<strong>Usuario<\/strong>&nbsp;acerca de la existencia de otras Web que contienen informaci\u00f3n sobre la materia. Dichos Hiperenlaces no constituyen sugerencia ni recomendaci\u00f3n alguna.<\/p><p><strong>el titular<\/strong>&nbsp;no se hace responsable de los contenidos de dichas p\u00e1ginas enlazadas, del funcionamiento o utilidad de los Hiperenlaces ni del resultado de dichos enlaces, ni garantiza la ausencia de virus u otros elementos en los mismos que puedan producir alteraciones en el sistema inform\u00e1tico (hardware y software), los documentos o los ficheros del&nbsp;<strong>Usuario<\/strong>, excluyendo cualquier responsabilidad por los da\u00f1os de cualquier clase causados al&nbsp;<strong>Usuario<\/strong>&nbsp;por este motivo.<\/p><p>El acceso a&nbsp;<strong>la web<\/strong>&nbsp;no implica la obligaci\u00f3n por parte de&nbsp;<strong>el titular<\/strong>&nbsp;de controlar la ausencia de virus, gusanos o cualquier otro elemento inform\u00e1tico da\u00f1ino. Corresponde al&nbsp;<strong>Usuario<\/strong>, en todo caso, la disponibilidad de herramientas adecuadas para la detecci\u00f3n y desinfecci\u00f3n de programas inform\u00e1ticos da\u00f1inos, por lo tanto, <strong><strong>el titular<\/strong> <\/strong>no se hace responsable de los posibles errores de seguridad que se puedan producir durante la prestaci\u00f3n del servicio de&nbsp;<strong><em><strong>la web<\/strong><\/em><\/strong>, ni de los posibles da\u00f1os que puedan causarse al sistema inform\u00e1tico del&nbsp;<strong>Usuario<\/strong>&nbsp;o de terceros (hardware y software), los ficheros o documentos almacenados en el mismo, como consecuencia de la presencia de virus en el ordenador del&nbsp;<strong>Usuario<\/strong>&nbsp;utilizado para la conexi\u00f3n a los servicios y contenidos de la Web, de un mal funcionamiento del navegador o del uso de versiones no actualizadas del mismo.<\/p><p>La prestaci\u00f3n del servicio de&nbsp;<strong><em><strong>la web<\/strong><\/em><\/strong>&nbsp;y de los Contenidos tiene, en principio, duraci\u00f3n indefinida.&nbsp;<strong>el titular<\/strong>, no obstante, queda autorizado para dar por terminada o suspender la prestaci\u00f3n del servicio de&nbsp;<strong><em><strong>la web<\/strong><\/em><\/strong> y\/o de cualquiera de los Contenidos en cualquier momento. Cuando ello sea razonablemente posible, <strong>el titular<\/strong> advertir\u00e1 previamente la terminaci\u00f3n o suspensi\u00f3n de <strong><em><strong>la web<\/strong><\/em><\/strong><\/p><h3 class=\"wp-block-heading\">CALIDAD DE&nbsp;<strong><em>LA WEB<\/em><\/strong><\/h3><p>Dado el entorno din\u00e1mico y cambiante de la informaci\u00f3n y servicios que se suministran por medio de&nbsp;<strong><em><strong>la web<\/strong><\/em><\/strong>, <strong><strong>el titular<\/strong><\/strong> realiza su mejor esfuerzo, pero no garantiza la completa veracidad, exactitud, fiabilidad, utilidad y\/o actualidad de los Contenidos. La informaci\u00f3n contenida en las p\u00e1ginas que componen este Portal s\u00f3lo tiene car\u00e1cter informativo, consultivo, divulgativo y publicitario. En ning\u00fan caso ofrecen ni tienen car\u00e1cter de compromiso vinculante o contractual.<\/p><h3 class=\"wp-block-heading\">LIMITACI\u00d3N DE RESPONSABILIDAD<\/h3><p><strong>el titular<\/strong>&nbsp;excluye toda responsabilidad por las decisiones que el&nbsp;<strong>Usuario<\/strong>&nbsp;pueda tomar basado en esta informaci\u00f3n, as\u00ed como por los posibles errores tipogr\u00e1ficos que puedan contener los documentos y gr\u00e1ficos de&nbsp;<strong><em><strong>la web<\/strong><\/em><\/strong>&nbsp;La informaci\u00f3n est\u00e1 sometida a posibles cambios peri\u00f3dicos sin previo aviso de su contenido por ampliaci\u00f3n, mejora, correcci\u00f3n o actualizaci\u00f3n de los Contenidos.<\/p><h3 class=\"wp-block-heading\">NOTIFICACIONES<\/h3><p>Todas las notificaciones y comunicaciones por parte de&nbsp;<strong>el titular<\/strong>&nbsp;al&nbsp;<strong>Usuario<\/strong>&nbsp;realizados por cualquier medio se considerar\u00e1n eficaces a todos los efectos.<\/p><h3 class=\"wp-block-heading\">JURISDICCI\u00d3N<\/h3><p>Para cuantas cuestiones se susciten sobre la interpretaci\u00f3n, aplicaci\u00f3n y cumplimiento de este Aviso Legal, as\u00ed como de las reclamaciones que puedan derivarse de su uso, todos las partes intervinientes se someten a los Jueces y Tribunales de la provincia de Pontevedra, renunciando de forma expresa a cualquier otro fuero que pudiera corresponderles.<\/p><h3 class=\"wp-block-heading\">LEGISLACI\u00d3N APLICABLE<\/h3><p>El presente Aviso Legal se rige por la normativa espa\u00f1ola vigente.<\/p><h3 class=\"wp-block-heading\">POLITICA PRIVACIDAD<\/h3><p>En&nbsp;<strong>el titular<\/strong>, sensibilizados con las necesidades de los usuarios de Internet y conscientes de la importancia de la rigurosa privacidad de la informaci\u00f3n personal que nos conf\u00edan, incluimos esta declaraci\u00f3n de privacidad con el objeto de que seas consciente de la pol\u00edtica en el tratamiento de los datos personales que obtiene de sus visitantes y usuarios.<\/p><p>Como usuario, aceptas estas condiciones por el mero hecho de leer, visualizar o navegar en el sitio. De no aceptarlas, debes abandonar el sitio, sin hacer uso alguno de \u00e9l y su contenido, y sin acceder a las p\u00e1ginas enlazadas.<\/p><h3 class=\"wp-block-heading\">RESPONSABLE DEL TRATAMIENTO DE DATOS<\/h3><p>El titular del sitio y responsable del tratamiento de datos es&nbsp;Loreto Fuentes L\u00f3pez, con NIF 28842596K, para contactar puedes utilizar la direcci\u00f3n de correo electr\u00f3nico administracion@ameixascrespo.com&nbsp;o correo postal a de Pontevedra.<\/p><h3 class=\"wp-block-heading\">FINALIDAD DEL TRATAMIENTO DE DATOS<\/h3><p>En nuestros sitios web, existen unos apartados espec\u00edficos donde puedes anotar tus datos para recibir informaci\u00f3n sobre actualizaciones de nuestra web y de algunos los programas que se distribuyen. Nosotros te aseguramos que la informaci\u00f3n que nos facilites ser\u00e1 gestionada de forma totalmente confidencial.<\/p><p>Formulario de contacto: Mantener el contacto contigo u otras acciones que nos solicites.<\/p><p>Los datos se almacenar\u00e1n mientras exista previsi\u00f3n de su uso para el fin por el que fueron recabados.<\/p><p>No se realizan tomas de decisiones automatizadas con tus datos.<\/p><p>La web puede utilizar cookies.<\/p><h3 class=\"wp-block-heading\">LEGITIMACI\u00d3N DEL TRATAMIENTO DE DATOS<\/h3><p>El uso de tus datos se realiza porque nos das tu consentimiento para usar los que nos proporcionas en los formularios para un uso espec\u00edfico que se indica en cada uno de ellos. Tus datos solo son necesarios para los usos concretos por los que se te solicitan, si no nos los facilitas, esos servicios no son posibles.<\/p><h3 class=\"wp-block-heading\">TRANSFERENCIAS Y CESIONES DE DATOS<\/h3><p>Existe un compromiso firme por nuestra parte de que los datos que proporcione a <strong><strong>el titular<\/strong><\/strong>, no ser\u00e1n vendidos ni cedidos a terceras personas sin el previo consentimiento del interesado bajo ning\u00fan concepto o circunstancia, salvo consentimiento expreso u obligaci\u00f3n legal.<\/p><p>Nuestro sitio web contiene enlaces hacia sitios web de terceros. <strong><strong>el titular<\/strong> <\/strong>no se hace responsable por las pol\u00edticas y pr\u00e1cticas de privacidad de estos otros sitios.<\/p><h3 class=\"wp-block-heading\">DERECHOS DE LOS INTERESADOS<\/h3><p>Tienes el derecho de acceder a la informaci\u00f3n que sobre tu persona est\u00e1 almacenada en nuestras bases de datos, rectificarla si existiera alguna errata, suprimirla, limitarla, oponerte a su tratamiento y retirar tu consentimiento si ese es tu deseo. Para ello simplemente debes escribir un e-mail a la direcci\u00f3n de correo electr\u00f3nico administracion@ameixascrespo.com donde te atenderemos gustosamente cualquier consulta, comentario o aclaraci\u00f3n requerida al respecto.<\/p><p>Para mayor informaci\u00f3n sobre temas relacionados, el sitio de referencia en la Red esppa\u00f1ola es la&nbsp;<a rel=\"noreferrer noopener\" href=\"https:\/\/www.agpd.es\/\" target=\"_blank\">Agencia de Protecci\u00f3n de Datos<\/a>, donde tienes derecho a reclamar.<\/p>","protected":false},"excerpt":{"rendered":"<p>Pol\u00edtica de privacidad En cumplimiento del deber de informaci\u00f3n estipulado en el art\u00edculo 10 de la Ley 34\/2002 de 11 de julio de Servicios de la Sociedad de la Informaci\u00f3n y de Comercio Electr\u00f3nico,\u00a0Loreto Fuentes L\u00f3pez, con NIF 28842596K, en adelante\u00a0el titular, en calidad de titular del sitio web\u00a0www.ameixascrespo.com, en adelante la web, con domicilio [&hellip;]<\/p>","protected":false},"author":1,"featured_media":0,"parent":0,"menu_order":0,"comment_status":"closed","ping_status":"closed","template":"","meta":{"rank_math_lock_modified_date":false,"ocean_post_layout":"","ocean_both_sidebars_style":"","ocean_both_sidebars_content_width":0,"ocean_both_sidebars_sidebars_width":0,"ocean_sidebar":"0","ocean_second_sidebar":"0","ocean_disable_margins":"enable","ocean_add_body_class":"","ocean_shortcode_before_top_bar":"","ocean_shortcode_after_top_bar":"","ocean_shortcode_before_header":"","ocean_shortcode_after_header":"","ocean_has_shortcode":"","ocean_shortcode_after_title":"","ocean_shortcode_before_footer_widgets":"","ocean_shortcode_after_footer_widgets":"","ocean_shortcode_before_footer_bottom":"","ocean_shortcode_after_footer_bottom":"","ocean_display_top_bar":"default","ocean_display_header":"default","ocean_header_style":"","ocean_center_header_left_menu":"0","ocean_custom_header_template":"0","ocean_custom_logo":0,"ocean_custom_retina_logo":0,"ocean_custom_logo_max_width":0,"ocean_custom_logo_tablet_max_width":0,"ocean_custom_logo_mobile_max_width":0,"ocean_custom_logo_max_height":0,"ocean_custom_logo_tablet_max_height":0,"ocean_custom_logo_mobile_max_height":0,"ocean_header_custom_menu":"0","ocean_menu_typo_font_family":"0","ocean_menu_typo_font_subset":"","ocean_menu_typo_font_size":0,"ocean_menu_typo_font_size_tablet":0,"ocean_menu_typo_font_size_mobile":0,"ocean_menu_typo_font_size_unit":"px","ocean_menu_typo_font_weight":"","ocean_menu_typo_font_weight_tablet":"","ocean_menu_typo_font_weight_mobile":"","ocean_menu_typo_transform":"","ocean_menu_typo_transform_tablet":"","ocean_menu_typo_transform_mobile":"","ocean_menu_typo_line_height":0,"ocean_menu_typo_line_height_tablet":0,"ocean_menu_typo_line_height_mobile":0,"ocean_menu_typo_line_height_unit":"","ocean_menu_typo_spacing":0,"ocean_menu_typo_spacing_tablet":0,"ocean_menu_typo_spacing_mobile":0,"ocean_menu_typo_spacing_unit":"","ocean_menu_link_color":"","ocean_menu_link_color_hover":"","ocean_menu_link_color_active":"","ocean_menu_link_background":"","ocean_menu_link_hover_background":"","ocean_menu_link_active_background":"","ocean_menu_social_links_bg":"","ocean_menu_social_hover_links_bg":"","ocean_menu_social_links_color":"","ocean_menu_social_hover_links_color":"","ocean_disable_title":"default","ocean_disable_heading":"default","ocean_post_title":"","ocean_post_subheading":"","ocean_post_title_style":"","ocean_post_title_background_color":"","ocean_post_title_background":0,"ocean_post_title_bg_image_position":"","ocean_post_title_bg_image_attachment":"","ocean_post_title_bg_image_repeat":"","ocean_post_title_bg_image_size":"","ocean_post_title_height":0,"ocean_post_title_bg_overlay":0.5,"ocean_post_title_bg_overlay_color":"","ocean_disable_breadcrumbs":"default","ocean_breadcrumbs_color":"","ocean_breadcrumbs_separator_color":"","ocean_breadcrumbs_links_color":"","ocean_breadcrumbs_links_hover_color":"","ocean_display_footer_widgets":"default","ocean_display_footer_bottom":"default","ocean_custom_footer_template":"0","_joinchat":[],"footnotes":""},"class_list":["post-792","page","type-page","status-publish","hentry","entry","owp-thumbs-layout-horizontal","owp-btn-normal","owp-tabs-layout-horizontal","has-no-thumbnails"],"jetpack_sharing_enabled":true,"_links":{"self":[{"href":"https:\/\/ameixascrespo.com\/ga\/wp-json\/wp\/v2\/pages\/792","targetHints":{"allow":["GET"]}}],"collection":[{"href":"https:\/\/ameixascrespo.com\/ga\/wp-json\/wp\/v2\/pages"}],"about":[{"href":"https:\/\/ameixascrespo.com\/ga\/wp-json\/wp\/v2\/types\/page"}],"author":[{"embeddable":true,"href":"https:\/\/ameixascrespo.com\/ga\/wp-json\/wp\/v2\/users\/1"}],"replies":[{"embeddable":true,"href":"https:\/\/ameixascrespo.com\/ga\/wp-json\/wp\/v2\/comments?post=792"}],"version-history":[{"count":3,"href":"https:\/\/ameixascrespo.com\/ga\/wp-json\/wp\/v2\/pages\/792\/revisions"}],"predecessor-version":[{"id":867,"href":"https:\/\/ameixascrespo.com\/ga\/wp-json\/wp\/v2\/pages\/792\/revisions\/867"}],"wp:attachment":[{"href":"https:\/\/ameixascrespo.com\/ga\/wp-json\/wp\/v2\/media?parent=792"}],"curies":[{"name":"wp","href":"https:\/\/api.w.org\/{rel}","templated":true}]}}